{"id":7609,"date":"2020-11-06T14:07:01","date_gmt":"2020-11-06T14:07:01","guid":{"rendered":"https:\/\/the7.io\/elementor-main\/?page_id=7609"},"modified":"2025-09-01T18:46:14","modified_gmt":"2025-09-01T18:46:14","slug":"om-svenska-armaturfabriken","status":"publish","type":"page","link":"http:\/\/armaturfabriken.se\/?page_id=7609","title":{"rendered":"Om Svenska Armaturfabriken"},"content":{"rendered":"\t\t<div data-elementor-type=\"wp-page\" data-elementor-id=\"7609\" class=\"elementor elementor-7609\" data-elementor-post-type=\"page\">\n\t\t\t\t\t\t<section class=\"elementor-section elementor-top-section elementor-element elementor-element-65ea903 elementor-section-boxed elementor-section-height-default elementor-section-height-default\" data-id=\"65ea903\" data-element_type=\"section\" data-settings=\"{&quot;background_background&quot;:&quot;classic&quot;}\">\n\t\t\t\t\t\t<div class=\"elementor-container elementor-column-gap-wider\">\n\t\t\t\t\t<div class=\"elementor-column elementor-col-50 elementor-top-column elementor-element elementor-element-d35a8eb\" data-id=\"d35a8eb\" data-element_type=\"column\">\n\t\t\t<div class=\"elementor-widget-wrap elementor-element-populated\">\n\t\t\t\t\t\t<div class=\"elementor-element elementor-element-06c2c6d elementor-widget elementor-widget-image\" data-id=\"06c2c6d\" data-element_type=\"widget\" data-widget_type=\"image.default\">\n\t\t\t\t<div class=\"elementor-widget-container\">\n\t\t\t\t\t\t\t\t\t\t\t\t\t\t\t<img fetchpriority=\"high\" decoding=\"async\" width=\"1024\" height=\"730\" src=\"https:\/\/armaturfabriken.se\/wp-content\/uploads\/2022\/05\/britt_olle-1024x730.png\" class=\"attachment-large size-large wp-image-77297\" alt=\"\" srcset=\"https:\/\/armaturfabriken.se\/wp-content\/uploads\/2022\/05\/britt_olle-1024x730.png 1024w, https:\/\/armaturfabriken.se\/wp-content\/uploads\/2022\/05\/britt_olle-300x214.png 300w, https:\/\/armaturfabriken.se\/wp-content\/uploads\/2022\/05\/britt_olle-150x107.png 150w, https:\/\/armaturfabriken.se\/wp-content\/uploads\/2022\/05\/britt_olle-800x571.png 800w, https:\/\/armaturfabriken.se\/wp-content\/uploads\/2022\/05\/britt_olle-768x548.png 768w, https:\/\/armaturfabriken.se\/wp-content\/uploads\/2022\/05\/britt_olle.png 1200w\" sizes=\"(max-width: 1024px) 100vw, 1024px\" \/>\t\t\t\t\t\t\t\t\t\t\t\t\t\t\t<\/div>\n\t\t\t\t<\/div>\n\t\t\t\t\t<\/div>\n\t\t<\/div>\n\t\t\t\t<div class=\"elementor-column elementor-col-50 elementor-top-column elementor-element elementor-element-608c6fd\" data-id=\"608c6fd\" data-element_type=\"column\">\n\t\t\t<div class=\"elementor-widget-wrap elementor-element-populated\">\n\t\t\t\t\t\t<div class=\"elementor-element elementor-element-150556c elementor-widget elementor-widget-heading\" data-id=\"150556c\" data-element_type=\"widget\" data-widget_type=\"heading.default\">\n\t\t\t\t<div class=\"elementor-widget-container\">\n\t\t\t\t\t<h2 class=\"elementor-heading-title elementor-size-default\">V\u00e5r historia<\/h2>\t\t\t\t<\/div>\n\t\t\t\t<\/div>\n\t\t\t\t<div class=\"elementor-element elementor-element-367735f elementor-widget elementor-widget-text-editor\" data-id=\"367735f\" data-element_type=\"widget\" data-widget_type=\"text-editor.default\">\n\t\t\t\t<div class=\"elementor-widget-container\">\n\t\t\t\t\t\t\t\t\t<p>I tre generationer har vi i familjen Andersson tillverkat belysnings- armaturer.&nbsp;<\/p>\n<p>V\u00e5r historia b\u00f6rjar tidigt 1950-tal n\u00e4r det nygifta paret Britt och Olle Andersson flyttar till Jakobsberg strax utanf\u00f6r Stockholm. D\u00e4r de snart har en liten verkstad.<\/p>\n<p>Britt var s\u00f6mmerska, skolad i textilindustrins huvudstad Bor\u00e5s och Olle var en kreativ uppfinnare som \u00e4lskade ny teknik. Som h\u00e4ngiven hobbyfotograf f\u00f6rstod han hur viktigt ljuset var f\u00f6r en lyckad bild.<\/p>\n<p>Olle b\u00f6rjade tidigt ta fram olika typer av lampor f\u00f6r studio och m\u00f6rkrum som snabbt blev popul\u00e4ra bland andra fotografer.<\/p>\n<p>Svenska Armaturfabriken drivs idag av sonen Lars-G\u00f6ran och barnbarnet Magnus, som b\u00e5da v\u00e4xte upp i Olles verkstad, omgivna av hantverk och uppfinningsrikedom. I verkstaden f\u00f6ddes en livsl\u00e5ng k\u00e4rlek till hantverket, tekniken och materialen.&nbsp;<\/p>\n<p>Olles devis <em>&#8221;Bra saker h\u00e5ller, men det b\u00e4sta g\u00e5r att laga&#8221;<\/em> \u00e4r fortfarande ledordet f\u00f6r allt vi tillverkar.&nbsp;<\/p>\n<p>Vi vill f\u00f6rverkliga dina id\u00e9er och skapa n\u00e5got som kan \u00e4rvas i generationer.<\/p>\t\t\t\t\t\t\t\t<\/div>\n\t\t\t\t<\/div>\n\t\t\t\t\t<\/div>\n\t\t<\/div>\n\t\t\t\t\t<\/div>\n\t\t<\/section>\n\t\t\t\t<section class=\"elementor-section elementor-top-section elementor-element elementor-element-833918a elementor-section-boxed elementor-section-height-default elementor-section-height-default\" data-id=\"833918a\" data-element_type=\"section\">\n\t\t\t\t\t\t<div class=\"elementor-container elementor-column-gap-default\">\n\t\t\t\t\t<div class=\"elementor-column elementor-col-100 elementor-top-column elementor-element elementor-element-ae97b0d\" data-id=\"ae97b0d\" data-element_type=\"column\">\n\t\t\t<div class=\"elementor-widget-wrap elementor-element-populated\">\n\t\t\t\t\t\t<div class=\"elementor-element elementor-element-39303a2 elementor-widget-divider--view-line_icon elementor-view-default elementor-widget-divider--element-align-center elementor-widget elementor-widget-divider\" data-id=\"39303a2\" data-element_type=\"widget\" data-widget_type=\"divider.default\">\n\t\t\t\t<div class=\"elementor-widget-container\">\n\t\t\t\t\t\t\t<div class=\"elementor-divider\">\n\t\t\t<span class=\"elementor-divider-separator\">\n\t\t\t\t\t\t\t<div class=\"elementor-icon elementor-divider__element\">\n\t\t\t\t\t<svg xmlns=\"http:\/\/www.w3.org\/2000\/svg\" xmlns:xlink=\"http:\/\/www.w3.org\/1999\/xlink\" id=\"Layer_1\" x=\"0px\" y=\"0px\" viewBox=\"0 0 75 135.2\" style=\"enable-background:new 0 0 75 135.2;\" xml:space=\"preserve\"><style type=\"text\/css\">\t.st0{fill:#FFFFFF;}\t.st1{fill:#010202;}\t.st2{fill:#B19C81;}<\/style><g>\t<g>\t\t<path class=\"st1\" d=\"M66,92.6c-0.5-0.5-1-0.9-1.6-1.3c-0.5-0.4-1-0.8-1.5-1.1c-4.1-2.9-8.8-5.4-13.8-7.6c-0.2-0.1-0.4-0.2-0.6-0.3   h0c-0.2-0.1-0.5-0.2-0.7-0.3c-0.4-0.2-0.8-0.4-1.3-0.6c-7.7-3.3-15.6-6.3-22.2-9.8c-0.3-0.2-0.6-0.3-0.9-0.5   c-0.3-0.2-0.6-0.3-0.9-0.5c0,0,0,0,0,0c-0.5-0.3-1.1-0.6-1.6-0.9c-0.3-0.2-0.6-0.4-0.9-0.6c-0.3-0.2-0.6-0.4-0.8-0.5   c-5.6-3.8-9.2-8.3-9.2-14.4c0-7.3,4.6-12.2,11-15c3.1-1.4,6.7-2.2,10.4-2.6c0.4,0,0.7-0.1,1.1-0.1c0.4,0,0.7-0.1,1.1-0.1l-0.4,1   l-0.4,1l-0.3,0.7L21.8,67.9c0.1,0.1,0.3,0.2,0.4,0.3c0.3,0.2,0.6,0.4,1,0.6h0l0.2,0.1l10.2-26.7L48.1,80c0.3,0.1,0.6,0.3,0.9,0.4   h0l0.4,0.2c5.1,2.3,9.1,4.4,12.4,6.5l-18-47.6v0l-0.4-1.1l-0.4-1.1c0.4,0.1,0.8,0.1,1.2,0.3c0.4,0.1,0.8,0.1,1.2,0.2   c1.8,0.4,3.6,1,5.3,1.7c9.7,3.8,17.4,11.2,20.4,20.1c0-7.5,0.7-15.2,0.9-22.7c-1.1,3-3.7,5.7-7.4,5.7c-2,0-5.3-1.5-9.5-3.1   c-3.1-1.2-6.6-2.5-10.3-3.3c-0.4-0.1-0.8-0.2-1.2-0.2c-0.4-0.1-0.8-0.2-1.2-0.2c-1.9-0.3-3.8-0.5-5.7-0.5c-0.8,0-1.6,0-2.3,0.1   c-0.4,0-0.7,0-1.1,0.1c-0.4,0-0.7,0-1.1,0.1c-4.6,0.4-9,1.3-12.9,2.8c-9.7,3.8-16.4,11-16.4,21.7c0,9,5,15.3,12.2,20.3   c0.3,0.2,0.5,0.4,0.8,0.6c0.3,0.2,0.6,0.4,0.9,0.6c0.5,0.3,1,0.6,1.6,0.9c0,0,0,0,0,0c0,0,0,0,0,0c0.3,0.2,0.6,0.3,0.9,0.5   c0.3,0.2,0.6,0.3,0.9,0.5c10.2,5.6,23,9.5,32.8,14.5c0.5,0.2,0.9,0.5,1.3,0.7c0.4,0.2,0.8,0.4,1.2,0.6c0.1,0,0.1,0.1,0.2,0.1   c7.1,4,12,8.9,12,15.8c0,3.6-1.1,6.6-2.9,9c-0.2,0.3-0.5,0.6-0.8,0.9c-0.3,0.3-0.5,0.6-0.8,0.9c-5.8,5.6-16,7.6-25.2,7.6   c-13,0-23.7-6.8-30.8-15.6c-0.3-0.3-0.5-0.6-0.7-0.9c-0.3-0.3-0.5-0.6-0.7-0.9l0.4-1.1l0.4-1.1l11.1-29.3h-0.1L17,83.8   c-0.4-0.2-0.7-0.4-1.1-0.6L5.1,111.5l-0.4,1.2l-0.5,1.2c-0.2-0.4-0.5-0.7-0.7-1.1c-0.2-0.3-0.4-0.7-0.6-1.1   c-1.2-2-2.1-4.1-2.9-6.2v27.7c0.9-1.2,2.2-2.3,3.7-3c0.3-0.1,0.6-0.3,0.9-0.4c0.3-0.1,0.6-0.2,1-0.3c0.8-0.2,1.6-0.3,2.4-0.3   c9.7,0,19.3,5.9,30.2,5.9c8.4,0,17.5-1.8,24.6-5.8c0.4-0.2,0.7-0.4,1.1-0.6c0.4-0.2,0.7-0.4,1.1-0.7c3.9-2.6,6.9-5.8,8.6-9.9   c0.2-0.5,0.4-0.9,0.5-1.4c0.2-0.5,0.3-1.1,0.5-1.7c0.3-1.4,0.5-2.8,0.5-4.3C75,103.1,71.5,97.3,66,92.6z\"><\/path>\t<\/g>\t<g>\t\t<path class=\"st1\" d=\"M65.4,114.9c0-4.9-2.7-8.9-8.8-12.7l3.2,8.3c1.5,4,2.9,7.9,3.9,10.9C64.9,119.4,65.4,117.3,65.4,114.9z\"><\/path>\t<\/g>\t<g>\t\t<path class=\"st1\" d=\"M20.1,35.8c3.7-1.3,7.7-2.1,12-2.5c0.4,0,0.7-0.1,1.1-0.1c0.4,0,0.7,0,1.1-0.1c0.8,0,1.6-0.1,2.3-0.1   c1.9,0,3.8,0.2,5.7,0.5c0.4,0.1,0.8,0.1,1.2,0.2c0.4,0.1,0.8,0.1,1.2,0.2c3.8,0.8,7.3,2.1,10.3,3.3h0.4l10.3-23.1l-0.1,0l-8.9,2.7   C56,17,55.8,17.5,55.9,18c0.7,3.9-1.6,7.8-5.5,9c-4.2,1.3-8.7-1.1-9.9-5.3c-1.2-3.8,0.7-7.9,4.2-9.5c0.5-0.3,0.7-0.9,0.4-1.5   L38.4,0.5c-0.4-0.6-1.3-0.6-1.7,0L30,10.8c-0.3,0.5-0.1,1.2,0.4,1.5c3.5,1.6,5.4,5.7,4.2,9.5c-1.3,4.2-5.7,6.6-9.9,5.3   c-3.9-1.2-6.2-5.1-5.5-9c0.1-0.5-0.2-1-0.7-1.2l-8.9-2.7l-0.1,0l9.3,21.1C19,35.8,19.6,36,20.1,35.8z\"><\/path>\t<\/g><\/g><\/svg><\/div>\n\t\t\t\t\t\t<\/span>\n\t\t<\/div>\n\t\t\t\t\t\t<\/div>\n\t\t\t\t<\/div>\n\t\t\t\t<div class=\"elementor-element elementor-element-f39d70e elementor-widget elementor-widget-heading\" data-id=\"f39d70e\" data-element_type=\"widget\" data-widget_type=\"heading.default\">\n\t\t\t\t<div class=\"elementor-widget-container\">\n\t\t\t\t\t<h2 class=\"elementor-heading-title elementor-size-default\">Ett modernt familjef\u00f6retag med tradition<\/h2>\t\t\t\t<\/div>\n\t\t\t\t<\/div>\n\t\t\t\t\t<\/div>\n\t\t<\/div>\n\t\t\t\t\t<\/div>\n\t\t<\/section>\n\t\t\t\t<section class=\"elementor-section elementor-top-section elementor-element elementor-element-374209a elementor-section-boxed elementor-section-height-default elementor-section-height-default\" data-id=\"374209a\" data-element_type=\"section\" data-settings=\"{&quot;background_background&quot;:&quot;classic&quot;}\">\n\t\t\t\t\t\t<div class=\"elementor-container elementor-column-gap-custom\">\n\t\t\t\t\t<div class=\"elementor-column elementor-col-50 elementor-top-column elementor-element elementor-element-98aaece\" data-id=\"98aaece\" data-element_type=\"column\">\n\t\t\t<div class=\"elementor-widget-wrap elementor-element-populated\">\n\t\t\t\t\t\t<div class=\"elementor-element elementor-element-2688d17 elementor-widget elementor-widget-text-editor\" data-id=\"2688d17\" data-element_type=\"widget\" data-widget_type=\"text-editor.default\">\n\t\t\t\t<div class=\"elementor-widget-container\">\n\t\t\t\t\t\t\t\t\t<p>Svenska Armaturfabriken \u00e4r ett modernt familjef\u00f6retag med \u00f6ver 70 \u00e5rs samlad erfarenhet av att tillverka belysningsarmaturer.\u00a0<\/p><p>Idag bedrivs verksamheten ett stenkast fr\u00e5n Olles f\u00f6rsta verkstad. I det gamla bageriet bredvid j\u00e4rnv\u00e4gen p\u00e5 \u00c5kerv\u00e4gen har vi kontor, lager, montering och prototypverkstad.\u00a0<\/p><p>H\u00e4r finns \u00e4ven ett inspirerande showroom som fokuserar p\u00e5 att visa olika typer av ljus, komponenter och material som kan anv\u00e4ndas f\u00f6r att f\u00f6rverkliga id\u00e9er.\u00a0<\/p><p>Vi brinner f\u00f6r lokal produktion eftersom det g\u00f6r oss snabba och flexibla.\u00a0De flesta av v\u00e5ra legotillverkare ligger p\u00e5 promenadavst\u00e5nd fr\u00e5n v\u00e5ra lokaler.<\/p><p>\u00a0<\/p>\t\t\t\t\t\t\t\t<\/div>\n\t\t\t\t<\/div>\n\t\t\t\t\t<\/div>\n\t\t<\/div>\n\t\t\t\t<div class=\"elementor-column elementor-col-50 elementor-top-column elementor-element elementor-element-6cf9b03\" data-id=\"6cf9b03\" data-element_type=\"column\">\n\t\t\t<div class=\"elementor-widget-wrap elementor-element-populated\">\n\t\t\t\t\t\t<section class=\"elementor-section elementor-inner-section elementor-element elementor-element-364ad91 elementor-section-boxed elementor-section-height-default elementor-section-height-default\" data-id=\"364ad91\" data-element_type=\"section\">\n\t\t\t\t\t\t<div class=\"elementor-container elementor-column-gap-default\">\n\t\t\t\t\t<div class=\"elementor-column elementor-col-50 elementor-inner-column elementor-element elementor-element-e8beacd\" data-id=\"e8beacd\" data-element_type=\"column\">\n\t\t\t<div class=\"elementor-widget-wrap elementor-element-populated\">\n\t\t\t\t\t\t<div class=\"elementor-element elementor-element-4f773a9 elementor-widget elementor-widget-image\" data-id=\"4f773a9\" data-element_type=\"widget\" data-widget_type=\"image.default\">\n\t\t\t\t<div class=\"elementor-widget-container\">\n\t\t\t\t\t\t\t\t\t\t\t\t\t\t\t<img decoding=\"async\" width=\"600\" height=\"600\" src=\"https:\/\/armaturfabriken.se\/wp-content\/uploads\/2022\/05\/lars-goran.png\" class=\"attachment-large size-large wp-image-77307\" alt=\"\" srcset=\"https:\/\/armaturfabriken.se\/wp-content\/uploads\/2022\/05\/lars-goran.png 600w, https:\/\/armaturfabriken.se\/wp-content\/uploads\/2022\/05\/lars-goran-300x300.png 300w, https:\/\/armaturfabriken.se\/wp-content\/uploads\/2022\/05\/lars-goran-150x150.png 150w, https:\/\/armaturfabriken.se\/wp-content\/uploads\/2022\/05\/lars-goran-200x200.png 200w\" sizes=\"(max-width: 600px) 100vw, 600px\" \/>\t\t\t\t\t\t\t\t\t\t\t\t\t\t\t<\/div>\n\t\t\t\t<\/div>\n\t\t\t\t<div class=\"elementor-element elementor-element-99de8d3 elementor-widget elementor-widget-heading\" data-id=\"99de8d3\" data-element_type=\"widget\" data-widget_type=\"heading.default\">\n\t\t\t\t<div class=\"elementor-widget-container\">\n\t\t\t\t\t<h2 class=\"elementor-heading-title elementor-size-default\">Lars-G\u00f6ran Evavoll<\/h2>\t\t\t\t<\/div>\n\t\t\t\t<\/div>\n\t\t\t\t<div class=\"elementor-element elementor-element-36f142e elementor-icon-list--layout-traditional elementor-list-item-link-full_width elementor-widget elementor-widget-icon-list\" data-id=\"36f142e\" data-element_type=\"widget\" data-widget_type=\"icon-list.default\">\n\t\t\t\t<div class=\"elementor-widget-container\">\n\t\t\t\t\t\t\t<ul class=\"elementor-icon-list-items\">\n\t\t\t\t\t\t\t<li class=\"elementor-icon-list-item\">\n\t\t\t\t\t\t\t\t\t\t\t<span class=\"elementor-icon-list-icon\">\n\t\t\t\t\t\t\t<i aria-hidden=\"true\" class=\"fas fa-phone-alt\"><\/i>\t\t\t\t\t\t<\/span>\n\t\t\t\t\t\t\t\t\t\t<span class=\"elementor-icon-list-text\">070-755 74 57<\/span>\n\t\t\t\t\t\t\t\t\t<\/li>\n\t\t\t\t\t\t<\/ul>\n\t\t\t\t\t\t<\/div>\n\t\t\t\t<\/div>\n\t\t\t\t\t<\/div>\n\t\t<\/div>\n\t\t\t\t<div class=\"elementor-column elementor-col-50 elementor-inner-column elementor-element elementor-element-226a6df\" data-id=\"226a6df\" data-element_type=\"column\">\n\t\t\t<div class=\"elementor-widget-wrap elementor-element-populated\">\n\t\t\t\t\t\t<div class=\"elementor-element elementor-element-75a2e68 elementor-widget elementor-widget-image\" data-id=\"75a2e68\" data-element_type=\"widget\" data-widget_type=\"image.default\">\n\t\t\t\t<div class=\"elementor-widget-container\">\n\t\t\t\t\t\t\t\t\t\t\t\t\t\t\t<img decoding=\"async\" width=\"600\" height=\"600\" src=\"https:\/\/armaturfabriken.se\/wp-content\/uploads\/2022\/05\/magnus.png\" class=\"attachment-large size-large wp-image-77308\" alt=\"\" srcset=\"https:\/\/armaturfabriken.se\/wp-content\/uploads\/2022\/05\/magnus.png 600w, https:\/\/armaturfabriken.se\/wp-content\/uploads\/2022\/05\/magnus-300x300.png 300w, https:\/\/armaturfabriken.se\/wp-content\/uploads\/2022\/05\/magnus-150x150.png 150w, https:\/\/armaturfabriken.se\/wp-content\/uploads\/2022\/05\/magnus-200x200.png 200w\" sizes=\"(max-width: 600px) 100vw, 600px\" \/>\t\t\t\t\t\t\t\t\t\t\t\t\t\t\t<\/div>\n\t\t\t\t<\/div>\n\t\t\t\t<div class=\"elementor-element elementor-element-7854099 elementor-widget elementor-widget-heading\" data-id=\"7854099\" data-element_type=\"widget\" data-widget_type=\"heading.default\">\n\t\t\t\t<div class=\"elementor-widget-container\">\n\t\t\t\t\t<h2 class=\"elementor-heading-title elementor-size-default\">Magnus Andersson<\/h2>\t\t\t\t<\/div>\n\t\t\t\t<\/div>\n\t\t\t\t<div class=\"elementor-element elementor-element-44d6f1b elementor-icon-list--layout-traditional elementor-list-item-link-full_width elementor-widget elementor-widget-icon-list\" data-id=\"44d6f1b\" data-element_type=\"widget\" data-widget_type=\"icon-list.default\">\n\t\t\t\t<div class=\"elementor-widget-container\">\n\t\t\t\t\t\t\t<ul class=\"elementor-icon-list-items\">\n\t\t\t\t\t\t\t<li class=\"elementor-icon-list-item\">\n\t\t\t\t\t\t\t\t\t\t\t<span class=\"elementor-icon-list-icon\">\n\t\t\t\t\t\t\t<i aria-hidden=\"true\" class=\"fas fa-phone-alt\"><\/i>\t\t\t\t\t\t<\/span>\n\t\t\t\t\t\t\t\t\t\t<span class=\"elementor-icon-list-text\">070-755 35 91<\/span>\n\t\t\t\t\t\t\t\t\t<\/li>\n\t\t\t\t\t\t<\/ul>\n\t\t\t\t\t\t<\/div>\n\t\t\t\t<\/div>\n\t\t\t\t\t<\/div>\n\t\t<\/div>\n\t\t\t\t\t<\/div>\n\t\t<\/section>\n\t\t\t\t\t<\/div>\n\t\t<\/div>\n\t\t\t\t\t<\/div>\n\t\t<\/section>\n\t\t\t\t<\/div>\n\t\t","protected":false},"excerpt":{"rendered":"<p>V\u00e5r historia I tre generationer har vi i familjen Andersson tillverkat belysnings- armaturer.&nbsp; V\u00e5r historia b\u00f6rjar tidigt 1950-tal n\u00e4r det nygifta paret Britt och Olle Andersson flyttar till Jakobsberg strax utanf\u00f6r Stockholm. D\u00e4r de snart har en liten verkstad. Britt var s\u00f6mmerska, skolad i textilindustrins huvudstad Bor\u00e5s och Olle var en kreativ uppfinnare som \u00e4lskade [&hellip;]<\/p>\n","protected":false},"author":1,"featured_media":0,"parent":0,"menu_order":21,"comment_status":"closed","ping_status":"closed","template":"elementor_header_footer","meta":{"_monsterinsights_skip_tracking":false,"_monsterinsights_sitenote_active":false,"_monsterinsights_sitenote_note":"","_monsterinsights_sitenote_category":0,"footnotes":""},"class_list":["post-7609","page","type-page","status-publish","hentry"],"aioseo_notices":[],"_links":{"self":[{"href":"http:\/\/armaturfabriken.se\/index.php?rest_route=\/wp\/v2\/pages\/7609","targetHints":{"allow":["GET"]}}],"collection":[{"href":"http:\/\/armaturfabriken.se\/index.php?rest_route=\/wp\/v2\/pages"}],"about":[{"href":"http:\/\/armaturfabriken.se\/index.php?rest_route=\/wp\/v2\/types\/page"}],"author":[{"embeddable":true,"href":"http:\/\/armaturfabriken.se\/index.php?rest_route=\/wp\/v2\/users\/1"}],"replies":[{"embeddable":true,"href":"http:\/\/armaturfabriken.se\/index.php?rest_route=%2Fwp%2Fv2%2Fcomments&post=7609"}],"version-history":[{"count":34,"href":"http:\/\/armaturfabriken.se\/index.php?rest_route=\/wp\/v2\/pages\/7609\/revisions"}],"predecessor-version":[{"id":77684,"href":"http:\/\/armaturfabriken.se\/index.php?rest_route=\/wp\/v2\/pages\/7609\/revisions\/77684"}],"wp:attachment":[{"href":"http:\/\/armaturfabriken.se\/index.php?rest_route=%2Fwp%2Fv2%2Fmedia&parent=7609"}],"curies":[{"name":"wp","href":"https:\/\/api.w.org\/{rel}","templated":true}]}}